{"id":6,"date":"2011-10-20T20:45:46","date_gmt":"2011-10-20T23:45:46","guid":{"rendered":"http:\/\/localhost\/forumjustica\/?page_id=6"},"modified":"2020-01-22T08:46:43","modified_gmt":"2020-01-22T11:46:43","slug":"sobre-o-forum-justica","status":"publish","type":"page","link":"https:\/\/antigo.forumjustica.com.br\/es\/sobre-o-forum-justica\/","title":{"rendered":"Acerca de Forum Justicia"},"content":{"rendered":"<p>F\u00f3rum Justicia (FJ) es un espacio abierto a movimientos sociales, organizaciones de la sociedad civil, sectores acad\u00e9micos y agentes p\u00fablicos del sistema de justicia para discutir colectivamente la pol\u00edtica judicial, con redistribuci\u00f3n y reconocimiento de derechos y participaci\u00f3n popular, enfatizando en la justicia como servicio p\u00fablico. En ese sentido, busca estimular el debate en torno a la pol\u00edtica judicial en Brasil, en el contexto y con perspectiva ibero latinoamericana.<\/p>\n<p>Tiene como objetivo desarrollar colectivamente evaluaciones, estrategias y propuestas encaminadas hacia la construcci\u00f3n de un modelo integrador de justicia, a partir de pol\u00edticas de redistribuci\u00f3n de bienes y recursos, entrelazados con el reconocimiento de especificidades, basado en la incorporaci\u00f3n de din\u00e1micas de participaci\u00f3n popular. Esto implica, por lo tanto, mapear los actores pol\u00edtico-institucionales de los cuales emana la pol\u00edtica judicial prevalente en el sistema de justicia y analizar la posici\u00f3n funcional asumida por cada uno de ellos frente a los rumbos previstos incluidos en los planos formales. En este sentido, se hace necesario identificar herramientas pr\u00e1cticas y conceptuales capaces de identificar \u00a0las brechas internas del referido sistema por las cuales se podr\u00eda transitar, ampliando los canales de recepci\u00f3n de las demandas sociales.<\/p>\n<p>Estos canales son vitales para el desarrollo de arreglos democr\u00e1ticos que impulsen a las instituciones que componen el sistema de justicia a crear \u00a0estructuras para efectivizar derechos y para ampliar procesos de cooperaci\u00f3n e integraci\u00f3n, adem\u00e1s de la escucha popular. En la medida en que dichos canales sean permanentes y establecidos de acuerdo con modelos de participaci\u00f3n ciudadana activa e innovadores, pueden propiciar la incidencia efectiva por parte de la poblaci\u00f3n en la formulaci\u00f3n y dise\u00f1o de programas de acci\u00f3n relacionados con las instituciones del referido sistema.<\/p>\n<p>Creemos que es posible organizar pautas conjuntas con organizaciones y movimientos sociales que resisten y reflexionan sobre alternativas para enfrentar los obst\u00e1culos conocidos que el sistema interpone, y propiciar la materializaci\u00f3n de los derechos, sean estos relacionados a pol\u00edticas de reconocimiento y o de redistribuci\u00f3n. Estos canales incluso podr\u00edan promover la interlocuci\u00f3n intra- e interinstitucional, facilitando la circularidad de pol\u00edticas democratizadoras de justicia. Se pretende, as\u00ed, contribuir a la formaci\u00f3n de una nueva composici\u00f3n de la din\u00e1mica judicial.<\/p>\n<p>En la actualidad, F\u00f3rum Justicia se proyecta en distintas regiones del pa\u00eds, sumando decenas de personas interesadas en debatir la pol\u00edtica judicial y definir acciones estrat\u00e9gicas para la democratizaci\u00f3n del sistema de justicia. Por lo tanto, F\u00f3rum Justicia es un espacio colectivo, abierto, derivado de la libre articulaci\u00f3n, que cuenta con un Consejo Consultivo y el aporte de colaboradoras (es), unidos por el compromiso de eliminar los obst\u00e1culos a la democracia y consolidar una pol\u00edtica judicial guiada por la redistribuci\u00f3n integrada al reconocimiento, ampliando las herramientas de participaci\u00f3n popular.<\/p>\n<p>En este contexto, F\u00f3rum Justicia se constituye como una construcci\u00f3n colectiva basada en la tr\u00edada de agentes del sistema judicial (Estado), sector acad\u00e9mico y organizaciones y movimientos sociales. La alianza con sectores acad\u00e9micos es esencial para proporcionar apoyo conceptual y metodol\u00f3gico orientado al an\u00e1lisis cr\u00edtico de situaciones f\u00e1cticas en di\u00e1logo con reflexiones te\u00f3ricas que propicien un conjunto de acciones program\u00e1ticas de diversa naturaleza. Adem\u00e1s, se hace \u00e9nfasis en la necesidad de promover cada vez m\u00e1s la producci\u00f3n de diagn\u00f3sticos e investigaciones relativas al sistema de justicia.<\/p>\n<p>Es as\u00ed como la articulaci\u00f3n de F\u00f3rum Justicia, adem\u00e1s de tener una mirada cr\u00edtica, asume una posici\u00f3n activa, sin dejar de lado la reflexi\u00f3n te\u00f3rica, ya que el di\u00e1logo con la academia compone la triada que lo sustenta. Sin embargo, sobrepasa los debates frecuentemente reforzados por algunos sectores acad\u00e9micos, sobre la judicializaci\u00f3n de las relaciones sociales. F\u00f3rum Justicia va m\u00e1s all\u00e1, enfoc\u00e1ndose en las pr\u00e1cticas de los actores del sistema de justicia, buscando transformarlas mediante la participaci\u00f3n popular, para lograr la permeabilidad de las demandas por la redistribuci\u00f3n y el reconocimiento, en aras de la concreci\u00f3n de sus derechos.<\/p>","protected":false},"excerpt":{"rendered":"<p>F\u00f3rum Justicia (FJ) es un espacio abierto a movimientos sociales, organizaciones de la sociedad civil, sectores acad\u00e9micos y agentes p\u00fablicos del sistema de justicia para discutir colectivamente la pol\u00edtica judicial, con redistribuci\u00f3n y reconocimiento de derechos y participaci\u00f3n popular, enfatizando en la justicia como servicio p\u00fablico. En ese sentido, busca estimular el debate en torno a la pol\u00edtica judicial en Brasil, en el contexto y con perspectiva ibero latinoamericana. Tiene como objetivo desarrollar colectivamente evaluaciones, estrategias y propuestas encaminadas hacia la construcci\u00f3n de un modelo integrador de justicia, a partir de pol\u00edticas de redistribuci\u00f3n de bienes y recursos, entrelazados con el reconocimiento de especificidades, basado en la incorporaci\u00f3n de din\u00e1micas de participaci\u00f3n popular. Esto implica, por lo tanto, mapear los actores pol\u00edtico-institucionales de los cuales emana la pol\u00edtica judicial prevalente en el sistema de justicia y analizar la posici\u00f3n funcional asumida por cada uno de ellos frente a los rumbos previstos incluidos en los planos formales. En este sentido, se hace necesario identificar herramientas pr\u00e1cticas y conceptuales capaces de identificar \u00a0las brechas internas del referido sistema por las cuales se podr\u00eda transitar, ampliando los canales de recepci\u00f3n de las demandas sociales. Estos canales son vitales para el desarrollo de arreglos democr\u00e1ticos que impulsen a las instituciones que componen el sistema de justicia a crear \u00a0estructuras para efectivizar derechos y para ampliar procesos de cooperaci\u00f3n e integraci\u00f3n, adem\u00e1s de la escucha popular. En la medida en que dichos canales sean permanentes y establecidos de acuerdo con modelos de participaci\u00f3n ciudadana activa e innovadores, pueden propiciar la incidencia efectiva por parte de la poblaci\u00f3n en la formulaci\u00f3n y dise\u00f1o de programas de acci\u00f3n relacionados con las instituciones del referido sistema. Creemos que es posible organizar pautas conjuntas con organizaciones y movimientos sociales que resisten y reflexionan sobre alternativas para enfrentar los obst\u00e1culos [&hellip;]<\/p>\n","protected":false},"author":1,"featured_media":13487,"parent":0,"menu_order":0,"comment_status":"open","ping_status":"closed","template":"","meta":{"_acf_changed":false,"footnotes":""},"class_list":["post-6","page","type-page","status-publish","hentry"],"acf":[],"yoast_head":"<!-- This site is optimized with the Yoast SEO plugin v26.9 - https:\/\/yoast.com\/product\/yoast-seo-wordpress\/ -->\n<title>Acerca de Forum Justicia - F&oacute;rum Justi&ccedil;a<\/title>\n<meta name=\"description\" content=\"O F\u00f3rum Justi\u00e7a \u00e9 um espa\u00e7o aberto a movimentos sociais, organiza\u00e7\u00f5es da sociedade civil, setores acad\u00eamicos e agentes p\u00fablicos do sistema de justi\u00e7a para\" \/>\n<meta name=\"robots\" content=\"noindex, follow, max-snippet:-1, max-image-preview:large, max-video-preview:-1\" \/>\n<meta property=\"og:locale\" content=\"es_ES\" \/>\n<meta property=\"og:type\" content=\"article\" \/>\n<meta property=\"og:title\" content=\"Acerca de Forum Justicia - F&oacute;rum Justi&ccedil;a\" \/>\n<meta property=\"og:description\" content=\"O F\u00f3rum Justi\u00e7a \u00e9 um espa\u00e7o aberto a movimentos sociais, organiza\u00e7\u00f5es da sociedade civil, setores acad\u00eamicos e agentes p\u00fablicos do sistema de justi\u00e7a para\" \/>\n<meta property=\"og:url\" content=\"https:\/\/antigo.forumjustica.com.br\/sobre-o-forum-justica\/\" \/>\n<meta property=\"og:site_name\" content=\"F&oacute;rum Justi&ccedil;a\" \/>\n<meta property=\"article:modified_time\" content=\"2020-01-22T11:46:43+00:00\" \/>\n<meta property=\"og:image\" content=\"https:\/\/antigo.forumjustica.com.br\/wp-content\/uploads\/2019\/03\/forum-justi\u00e7a.jpg\" \/>\n\t<meta property=\"og:image:width\" content=\"960\" \/>\n\t<meta property=\"og:image:height\" content=\"514\" \/>\n\t<meta property=\"og:image:type\" content=\"image\/jpeg\" \/>\n<meta name=\"twitter:card\" content=\"summary_large_image\" \/>\n<meta name=\"twitter:label1\" content=\"Tiempo de lectura\" \/>\n\t<meta name=\"twitter:data1\" content=\"8 minutos\" \/>\n<script type=\"application\/ld+json\" class=\"yoast-schema-graph\">{\"@context\":\"https:\/\/schema.org\",\"@graph\":[{\"@type\":\"WebPage\",\"@id\":\"https:\/\/antigo.forumjustica.com.br\/sobre-o-forum-justica\/\",\"url\":\"https:\/\/antigo.forumjustica.com.br\/sobre-o-forum-justica\/\",\"name\":\"Acerca de Forum Justicia - F&oacute;rum Justi&ccedil;a\",\"isPartOf\":{\"@id\":\"https:\/\/antigo.forumjustica.com.br\/#website\"},\"primaryImageOfPage\":{\"@id\":\"https:\/\/antigo.forumjustica.com.br\/sobre-o-forum-justica\/#primaryimage\"},\"image\":{\"@id\":\"https:\/\/antigo.forumjustica.com.br\/sobre-o-forum-justica\/#primaryimage\"},\"thumbnailUrl\":\"https:\/\/antigo.forumjustica.com.br\/wp-content\/uploads\/2019\/03\/forum-justi\u00e7a.jpg\",\"datePublished\":\"2011-10-20T23:45:46+00:00\",\"dateModified\":\"2020-01-22T11:46:43+00:00\",\"description\":\"O F\u00f3rum Justi\u00e7a \u00e9 um espa\u00e7o aberto a movimentos sociais, organiza\u00e7\u00f5es da sociedade civil, setores acad\u00eamicos e agentes p\u00fablicos do sistema de justi\u00e7a para\",\"breadcrumb\":{\"@id\":\"https:\/\/antigo.forumjustica.com.br\/sobre-o-forum-justica\/#breadcrumb\"},\"inLanguage\":\"es\",\"potentialAction\":[{\"@type\":\"ReadAction\",\"target\":[\"https:\/\/antigo.forumjustica.com.br\/sobre-o-forum-justica\/\"]}]},{\"@type\":\"ImageObject\",\"inLanguage\":\"es\",\"@id\":\"https:\/\/antigo.forumjustica.com.br\/sobre-o-forum-justica\/#primaryimage\",\"url\":\"https:\/\/antigo.forumjustica.com.br\/wp-content\/uploads\/2019\/03\/forum-justi\u00e7a.jpg\",\"contentUrl\":\"https:\/\/antigo.forumjustica.com.br\/wp-content\/uploads\/2019\/03\/forum-justi\u00e7a.jpg\",\"width\":960,\"height\":514},{\"@type\":\"BreadcrumbList\",\"@id\":\"https:\/\/antigo.forumjustica.com.br\/sobre-o-forum-justica\/#breadcrumb\",\"itemListElement\":[{\"@type\":\"ListItem\",\"position\":1,\"name\":\"In\u00edcio\",\"item\":\"https:\/\/antigo.forumjustica.com.br\/\"},{\"@type\":\"ListItem\",\"position\":2,\"name\":\"Sobre o F\u00f3rum Justi\u00e7a\"}]},{\"@type\":\"WebSite\",\"@id\":\"https:\/\/antigo.forumjustica.com.br\/#website\",\"url\":\"https:\/\/antigo.forumjustica.com.br\/\",\"name\":\"F\u00f3rum Justi\u00e7a\",\"description\":\"\",\"potentialAction\":[{\"@type\":\"SearchAction\",\"target\":{\"@type\":\"EntryPoint\",\"urlTemplate\":\"https:\/\/antigo.forumjustica.com.br\/?s={search_term_string}\"},\"query-input\":{\"@type\":\"PropertyValueSpecification\",\"valueRequired\":true,\"valueName\":\"search_term_string\"}}],\"inLanguage\":\"es\"}]}<\/script>\n<!-- \/ Yoast SEO plugin. -->","yoast_head_json":{"title":"Acerca de Forum Justicia - F&oacute;rum Justi&ccedil;a","description":"O F\u00f3rum Justi\u00e7a \u00e9 um espa\u00e7o aberto a movimentos sociais, organiza\u00e7\u00f5es da sociedade civil, setores acad\u00eamicos e agentes p\u00fablicos do sistema de justi\u00e7a para","robots":{"index":"noindex","follow":"follow","max-snippet":"max-snippet:-1","max-image-preview":"max-image-preview:large","max-video-preview":"max-video-preview:-1"},"og_locale":"es_ES","og_type":"article","og_title":"Acerca de Forum Justicia - F&oacute;rum Justi&ccedil;a","og_description":"O F\u00f3rum Justi\u00e7a \u00e9 um espa\u00e7o aberto a movimentos sociais, organiza\u00e7\u00f5es da sociedade civil, setores acad\u00eamicos e agentes p\u00fablicos do sistema de justi\u00e7a para","og_url":"https:\/\/antigo.forumjustica.com.br\/sobre-o-forum-justica\/","og_site_name":"F&oacute;rum Justi&ccedil;a","article_modified_time":"2020-01-22T11:46:43+00:00","og_image":[{"width":960,"height":514,"url":"https:\/\/antigo.forumjustica.com.br\/wp-content\/uploads\/2019\/03\/forum-justi\u00e7a.jpg","type":"image\/jpeg"}],"twitter_card":"summary_large_image","twitter_misc":{"Tiempo de lectura":"8 minutos"},"schema":{"@context":"https:\/\/schema.org","@graph":[{"@type":"WebPage","@id":"https:\/\/antigo.forumjustica.com.br\/sobre-o-forum-justica\/","url":"https:\/\/antigo.forumjustica.com.br\/sobre-o-forum-justica\/","name":"Acerca de Forum Justicia - F&oacute;rum Justi&ccedil;a","isPartOf":{"@id":"https:\/\/antigo.forumjustica.com.br\/#website"},"primaryImageOfPage":{"@id":"https:\/\/antigo.forumjustica.com.br\/sobre-o-forum-justica\/#primaryimage"},"image":{"@id":"https:\/\/antigo.forumjustica.com.br\/sobre-o-forum-justica\/#primaryimage"},"thumbnailUrl":"https:\/\/antigo.forumjustica.com.br\/wp-content\/uploads\/2019\/03\/forum-justi\u00e7a.jpg","datePublished":"2011-10-20T23:45:46+00:00","dateModified":"2020-01-22T11:46:43+00:00","description":"O F\u00f3rum Justi\u00e7a \u00e9 um espa\u00e7o aberto a movimentos sociais, organiza\u00e7\u00f5es da sociedade civil, setores acad\u00eamicos e agentes p\u00fablicos do sistema de justi\u00e7a para","breadcrumb":{"@id":"https:\/\/antigo.forumjustica.com.br\/sobre-o-forum-justica\/#breadcrumb"},"inLanguage":"es","potentialAction":[{"@type":"ReadAction","target":["https:\/\/antigo.forumjustica.com.br\/sobre-o-forum-justica\/"]}]},{"@type":"ImageObject","inLanguage":"es","@id":"https:\/\/antigo.forumjustica.com.br\/sobre-o-forum-justica\/#primaryimage","url":"https:\/\/antigo.forumjustica.com.br\/wp-content\/uploads\/2019\/03\/forum-justi\u00e7a.jpg","contentUrl":"https:\/\/antigo.forumjustica.com.br\/wp-content\/uploads\/2019\/03\/forum-justi\u00e7a.jpg","width":960,"height":514},{"@type":"BreadcrumbList","@id":"https:\/\/antigo.forumjustica.com.br\/sobre-o-forum-justica\/#breadcrumb","itemListElement":[{"@type":"ListItem","position":1,"name":"In\u00edcio","item":"https:\/\/antigo.forumjustica.com.br\/"},{"@type":"ListItem","position":2,"name":"Sobre o F\u00f3rum Justi\u00e7a"}]},{"@type":"WebSite","@id":"https:\/\/antigo.forumjustica.com.br\/#website","url":"https:\/\/antigo.forumjustica.com.br\/","name":"F\u00f3rum Justi\u00e7a","description":"","potentialAction":[{"@type":"SearchAction","target":{"@type":"EntryPoint","urlTemplate":"https:\/\/antigo.forumjustica.com.br\/?s={search_term_string}"},"query-input":{"@type":"PropertyValueSpecification","valueRequired":true,"valueName":"search_term_string"}}],"inLanguage":"es"}]}},"_links":{"self":[{"href":"https:\/\/antigo.forumjustica.com.br\/es\/wp-json\/wp\/v2\/pages\/6","targetHints":{"allow":["GET"]}}],"collection":[{"href":"https:\/\/antigo.forumjustica.com.br\/es\/wp-json\/wp\/v2\/pages"}],"about":[{"href":"https:\/\/antigo.forumjustica.com.br\/es\/wp-json\/wp\/v2\/types\/page"}],"author":[{"embeddable":true,"href":"https:\/\/antigo.forumjustica.com.br\/es\/wp-json\/wp\/v2\/users\/1"}],"replies":[{"embeddable":true,"href":"https:\/\/antigo.forumjustica.com.br\/es\/wp-json\/wp\/v2\/comments?post=6"}],"version-history":[{"count":22,"href":"https:\/\/antigo.forumjustica.com.br\/es\/wp-json\/wp\/v2\/pages\/6\/revisions"}],"predecessor-version":[{"id":13973,"href":"https:\/\/antigo.forumjustica.com.br\/es\/wp-json\/wp\/v2\/pages\/6\/revisions\/13973"}],"wp:featuredmedia":[{"embeddable":true,"href":"https:\/\/antigo.forumjustica.com.br\/es\/wp-json\/wp\/v2\/media\/13487"}],"wp:attachment":[{"href":"https:\/\/antigo.forumjustica.com.br\/es\/wp-json\/wp\/v2\/media?parent=6"}],"curies":[{"name":"wp","href":"https:\/\/api.w.org\/{rel}","templated":true}]}}