{"id":6,"date":"2011-10-20T20:45:46","date_gmt":"2011-10-20T23:45:46","guid":{"rendered":"http:\/\/localhost\/forumjustica\/?page_id=6"},"modified":"2020-01-22T08:46:43","modified_gmt":"2020-01-22T11:46:43","slug":"sobre-o-forum-justica","status":"publish","type":"page","link":"https:\/\/antigo.forumjustica.com.br\/en\/sobre-o-forum-justica\/","title":{"rendered":"About Forum Justi\u00e7a"},"content":{"rendered":"<p>PROPOSAL FOR A COLLECTIVE INITIATIVE FOCUSED ON THE CONSTRUCTION OF A SPACE, PLATFORM TO DISCUSS PUBLIC POLICY AND POPULAR PARTICIPATION<\/p>\n<p>The Forum on Justice serves as an open space, platform whereby social movements, civil society organizations, and public servants from the justice system can discuss judicial policies and popular participation, emphasizing justice as a public service. This forum was developed to provide continuity to the 2009 seminar held in Rio de Janeiro on Brasilia\u2019s 100 Standards for Access to Justice for People in Vulnerable Conditions. It reaffi rms the National Association of Public Defenders (ANADEP) commitment to the strengthening and development of democratic mechanisms which meet popular demands. Guided by the same commitment to remove obstacles to democracy and expand tools for popular participation, the Research Group on Human Rights, Judiciary, and Society (DHPJS \/ UERJ) joins this forum as a partner.<\/p>\n<p>The objective is to bring together and coordinate eff orts that aim to increase popular participation in the development and infl uence of public policy regarding the judicial system. WHY A FORUM ON JUSTICE? Changes in institutional arrangements which are necessary for the \u2018democratization\u2019 of the judicial system require the inclusion of popular participation in the formulation, monitoring, and control of public policy. Thus, the needs and efforts of civil society and social movements, that propose alternatives aimed at eliminating obstacles regarding access to the above mentioned judiciary system, can be included in the development of public policy. Hence, the Justice forum serves as a space, platform whereby groups can discuss public policy, identify impediments, and collectively seek solutions that both influence public policy and meet the needs of those entitled to access to a free and just judicial system.<\/p>","protected":false},"excerpt":{"rendered":"<p>PROPOSAL FOR A COLLECTIVE INITIATIVE FOCUSED ON THE CONSTRUCTION OF A SPACE, PLATFORM TO DISCUSS PUBLIC POLICY AND POPULAR PARTICIPATION The Forum on Justice serves as an open space, platform whereby social movements, civil society organizations, and public servants from the justice system can discuss judicial policies and popular participation, emphasizing justice as a public service. This forum was developed to provide continuity to the 2009 seminar held in Rio de Janeiro on Brasilia\u2019s 100 Standards for Access to Justice for People in Vulnerable Conditions. It reaffi rms the National Association of Public Defenders (ANADEP) commitment to the strengthening and development of democratic mechanisms which meet popular demands. Guided by the same commitment to remove obstacles to democracy and expand tools for popular participation, the Research Group on Human Rights, Judiciary, and Society (DHPJS \/ UERJ) joins this forum as a partner. The objective is to bring together and coordinate eff orts that aim to increase popular participation in the development and infl uence of public policy regarding the judicial system. WHY A FORUM ON JUSTICE? Changes in institutional arrangements which are necessary for the \u2018democratization\u2019 of the judicial system require the inclusion of popular participation in the formulation, monitoring, and control of public policy. Thus, the needs and efforts of civil society and social movements, that propose alternatives aimed at eliminating obstacles regarding access to the above mentioned judiciary system, can be included in the development of public policy. Hence, the Justice forum serves as a space, platform whereby groups can discuss public policy, identify impediments, and collectively seek solutions that both influence public policy and meet the needs of those entitled to access to a free and just judicial system.<\/p>\n","protected":false},"author":1,"featured_media":13487,"parent":0,"menu_order":0,"comment_status":"open","ping_status":"closed","template":"","meta":{"_acf_changed":false,"footnotes":""},"class_list":["post-6","page","type-page","status-publish","hentry"],"acf":[],"yoast_head":"<!-- This site is optimized with the Yoast SEO plugin v26.9 - https:\/\/yoast.com\/product\/yoast-seo-wordpress\/ -->\n<title>About Forum Justi\u00e7a - F&oacute;rum Justi&ccedil;a<\/title>\n<meta name=\"description\" content=\"O F\u00f3rum Justi\u00e7a \u00e9 um espa\u00e7o aberto a movimentos sociais, organiza\u00e7\u00f5es da sociedade civil, setores acad\u00eamicos e agentes p\u00fablicos do sistema de justi\u00e7a para\" \/>\n<meta name=\"robots\" content=\"noindex, follow, max-snippet:-1, max-image-preview:large, max-video-preview:-1\" \/>\n<meta property=\"og:locale\" content=\"en_US\" \/>\n<meta property=\"og:type\" content=\"article\" \/>\n<meta property=\"og:title\" content=\"About Forum Justi\u00e7a - F&oacute;rum Justi&ccedil;a\" \/>\n<meta property=\"og:description\" content=\"O F\u00f3rum Justi\u00e7a \u00e9 um espa\u00e7o aberto a movimentos sociais, organiza\u00e7\u00f5es da sociedade civil, setores acad\u00eamicos e agentes p\u00fablicos do sistema de justi\u00e7a para\" \/>\n<meta property=\"og:url\" content=\"https:\/\/antigo.forumjustica.com.br\/sobre-o-forum-justica\/\" \/>\n<meta property=\"og:site_name\" content=\"F&oacute;rum Justi&ccedil;a\" \/>\n<meta property=\"article:modified_time\" content=\"2020-01-22T11:46:43+00:00\" \/>\n<meta property=\"og:image\" content=\"https:\/\/antigo.forumjustica.com.br\/wp-content\/uploads\/2019\/03\/forum-justi\u00e7a.jpg\" \/>\n\t<meta property=\"og:image:width\" content=\"960\" \/>\n\t<meta property=\"og:image:height\" content=\"514\" \/>\n\t<meta property=\"og:image:type\" content=\"image\/jpeg\" \/>\n<meta name=\"twitter:card\" content=\"summary_large_image\" \/>\n<meta name=\"twitter:label1\" content=\"Est. reading time\" \/>\n\t<meta name=\"twitter:data1\" content=\"8 minutes\" \/>\n<script type=\"application\/ld+json\" class=\"yoast-schema-graph\">{\"@context\":\"https:\/\/schema.org\",\"@graph\":[{\"@type\":\"WebPage\",\"@id\":\"https:\/\/antigo.forumjustica.com.br\/sobre-o-forum-justica\/\",\"url\":\"https:\/\/antigo.forumjustica.com.br\/sobre-o-forum-justica\/\",\"name\":\"About Forum Justi\u00e7a - F&oacute;rum Justi&ccedil;a\",\"isPartOf\":{\"@id\":\"https:\/\/antigo.forumjustica.com.br\/#website\"},\"primaryImageOfPage\":{\"@id\":\"https:\/\/antigo.forumjustica.com.br\/sobre-o-forum-justica\/#primaryimage\"},\"image\":{\"@id\":\"https:\/\/antigo.forumjustica.com.br\/sobre-o-forum-justica\/#primaryimage\"},\"thumbnailUrl\":\"https:\/\/antigo.forumjustica.com.br\/wp-content\/uploads\/2019\/03\/forum-justi\u00e7a.jpg\",\"datePublished\":\"2011-10-20T23:45:46+00:00\",\"dateModified\":\"2020-01-22T11:46:43+00:00\",\"description\":\"O F\u00f3rum Justi\u00e7a \u00e9 um espa\u00e7o aberto a movimentos sociais, organiza\u00e7\u00f5es da sociedade civil, setores acad\u00eamicos e agentes p\u00fablicos do sistema de justi\u00e7a para\",\"breadcrumb\":{\"@id\":\"https:\/\/antigo.forumjustica.com.br\/sobre-o-forum-justica\/#breadcrumb\"},\"inLanguage\":\"en-US\",\"potentialAction\":[{\"@type\":\"ReadAction\",\"target\":[\"https:\/\/antigo.forumjustica.com.br\/sobre-o-forum-justica\/\"]}]},{\"@type\":\"ImageObject\",\"inLanguage\":\"en-US\",\"@id\":\"https:\/\/antigo.forumjustica.com.br\/sobre-o-forum-justica\/#primaryimage\",\"url\":\"https:\/\/antigo.forumjustica.com.br\/wp-content\/uploads\/2019\/03\/forum-justi\u00e7a.jpg\",\"contentUrl\":\"https:\/\/antigo.forumjustica.com.br\/wp-content\/uploads\/2019\/03\/forum-justi\u00e7a.jpg\",\"width\":960,\"height\":514},{\"@type\":\"BreadcrumbList\",\"@id\":\"https:\/\/antigo.forumjustica.com.br\/sobre-o-forum-justica\/#breadcrumb\",\"itemListElement\":[{\"@type\":\"ListItem\",\"position\":1,\"name\":\"In\u00edcio\",\"item\":\"https:\/\/antigo.forumjustica.com.br\/\"},{\"@type\":\"ListItem\",\"position\":2,\"name\":\"Sobre o F\u00f3rum Justi\u00e7a\"}]},{\"@type\":\"WebSite\",\"@id\":\"https:\/\/antigo.forumjustica.com.br\/#website\",\"url\":\"https:\/\/antigo.forumjustica.com.br\/\",\"name\":\"F\u00f3rum Justi\u00e7a\",\"description\":\"\",\"potentialAction\":[{\"@type\":\"SearchAction\",\"target\":{\"@type\":\"EntryPoint\",\"urlTemplate\":\"https:\/\/antigo.forumjustica.com.br\/?s={search_term_string}\"},\"query-input\":{\"@type\":\"PropertyValueSpecification\",\"valueRequired\":true,\"valueName\":\"search_term_string\"}}],\"inLanguage\":\"en-US\"}]}<\/script>\n<!-- \/ Yoast SEO plugin. -->","yoast_head_json":{"title":"About Forum Justi\u00e7a - F&oacute;rum Justi&ccedil;a","description":"O F\u00f3rum Justi\u00e7a \u00e9 um espa\u00e7o aberto a movimentos sociais, organiza\u00e7\u00f5es da sociedade civil, setores acad\u00eamicos e agentes p\u00fablicos do sistema de justi\u00e7a para","robots":{"index":"noindex","follow":"follow","max-snippet":"max-snippet:-1","max-image-preview":"max-image-preview:large","max-video-preview":"max-video-preview:-1"},"og_locale":"en_US","og_type":"article","og_title":"About Forum Justi\u00e7a - F&oacute;rum Justi&ccedil;a","og_description":"O F\u00f3rum Justi\u00e7a \u00e9 um espa\u00e7o aberto a movimentos sociais, organiza\u00e7\u00f5es da sociedade civil, setores acad\u00eamicos e agentes p\u00fablicos do sistema de justi\u00e7a para","og_url":"https:\/\/antigo.forumjustica.com.br\/sobre-o-forum-justica\/","og_site_name":"F&oacute;rum Justi&ccedil;a","article_modified_time":"2020-01-22T11:46:43+00:00","og_image":[{"width":960,"height":514,"url":"https:\/\/antigo.forumjustica.com.br\/wp-content\/uploads\/2019\/03\/forum-justi\u00e7a.jpg","type":"image\/jpeg"}],"twitter_card":"summary_large_image","twitter_misc":{"Est. reading time":"8 minutes"},"schema":{"@context":"https:\/\/schema.org","@graph":[{"@type":"WebPage","@id":"https:\/\/antigo.forumjustica.com.br\/sobre-o-forum-justica\/","url":"https:\/\/antigo.forumjustica.com.br\/sobre-o-forum-justica\/","name":"About Forum Justi\u00e7a - F&oacute;rum Justi&ccedil;a","isPartOf":{"@id":"https:\/\/antigo.forumjustica.com.br\/#website"},"primaryImageOfPage":{"@id":"https:\/\/antigo.forumjustica.com.br\/sobre-o-forum-justica\/#primaryimage"},"image":{"@id":"https:\/\/antigo.forumjustica.com.br\/sobre-o-forum-justica\/#primaryimage"},"thumbnailUrl":"https:\/\/antigo.forumjustica.com.br\/wp-content\/uploads\/2019\/03\/forum-justi\u00e7a.jpg","datePublished":"2011-10-20T23:45:46+00:00","dateModified":"2020-01-22T11:46:43+00:00","description":"O F\u00f3rum Justi\u00e7a \u00e9 um espa\u00e7o aberto a movimentos sociais, organiza\u00e7\u00f5es da sociedade civil, setores acad\u00eamicos e agentes p\u00fablicos do sistema de justi\u00e7a para","breadcrumb":{"@id":"https:\/\/antigo.forumjustica.com.br\/sobre-o-forum-justica\/#breadcrumb"},"inLanguage":"en-US","potentialAction":[{"@type":"ReadAction","target":["https:\/\/antigo.forumjustica.com.br\/sobre-o-forum-justica\/"]}]},{"@type":"ImageObject","inLanguage":"en-US","@id":"https:\/\/antigo.forumjustica.com.br\/sobre-o-forum-justica\/#primaryimage","url":"https:\/\/antigo.forumjustica.com.br\/wp-content\/uploads\/2019\/03\/forum-justi\u00e7a.jpg","contentUrl":"https:\/\/antigo.forumjustica.com.br\/wp-content\/uploads\/2019\/03\/forum-justi\u00e7a.jpg","width":960,"height":514},{"@type":"BreadcrumbList","@id":"https:\/\/antigo.forumjustica.com.br\/sobre-o-forum-justica\/#breadcrumb","itemListElement":[{"@type":"ListItem","position":1,"name":"In\u00edcio","item":"https:\/\/antigo.forumjustica.com.br\/"},{"@type":"ListItem","position":2,"name":"Sobre o F\u00f3rum Justi\u00e7a"}]},{"@type":"WebSite","@id":"https:\/\/antigo.forumjustica.com.br\/#website","url":"https:\/\/antigo.forumjustica.com.br\/","name":"F\u00f3rum Justi\u00e7a","description":"","potentialAction":[{"@type":"SearchAction","target":{"@type":"EntryPoint","urlTemplate":"https:\/\/antigo.forumjustica.com.br\/?s={search_term_string}"},"query-input":{"@type":"PropertyValueSpecification","valueRequired":true,"valueName":"search_term_string"}}],"inLanguage":"en-US"}]}},"_links":{"self":[{"href":"https:\/\/antigo.forumjustica.com.br\/en\/wp-json\/wp\/v2\/pages\/6","targetHints":{"allow":["GET"]}}],"collection":[{"href":"https:\/\/antigo.forumjustica.com.br\/en\/wp-json\/wp\/v2\/pages"}],"about":[{"href":"https:\/\/antigo.forumjustica.com.br\/en\/wp-json\/wp\/v2\/types\/page"}],"author":[{"embeddable":true,"href":"https:\/\/antigo.forumjustica.com.br\/en\/wp-json\/wp\/v2\/users\/1"}],"replies":[{"embeddable":true,"href":"https:\/\/antigo.forumjustica.com.br\/en\/wp-json\/wp\/v2\/comments?post=6"}],"version-history":[{"count":22,"href":"https:\/\/antigo.forumjustica.com.br\/en\/wp-json\/wp\/v2\/pages\/6\/revisions"}],"predecessor-version":[{"id":13973,"href":"https:\/\/antigo.forumjustica.com.br\/en\/wp-json\/wp\/v2\/pages\/6\/revisions\/13973"}],"wp:featuredmedia":[{"embeddable":true,"href":"https:\/\/antigo.forumjustica.com.br\/en\/wp-json\/wp\/v2\/media\/13487"}],"wp:attachment":[{"href":"https:\/\/antigo.forumjustica.com.br\/en\/wp-json\/wp\/v2\/media?parent=6"}],"curies":[{"name":"wp","href":"https:\/\/api.w.org\/{rel}","templated":true}]}}